{"id":24419,"date":"2021-02-08T08:36:44","date_gmt":"2021-02-08T07:36:44","guid":{"rendered":"https:\/\/e-illusion.es\/inicio\/"},"modified":"2024-08-29T08:26:32","modified_gmt":"2024-08-29T06:26:32","slug":"inicio","status":"publish","type":"page","link":"https:\/\/e-illusion.es\/en\/","title":{"rendered":"Home"},"content":{"rendered":"","protected":false},"excerpt":{"rendered":"","protected":false},"author":2,"featured_media":0,"parent":0,"menu_order":0,"comment_status":"closed","ping_status":"open","template":"templates\/home.php","meta":[],"acf":[],"yoast_head":"<!-- This site is optimized with the Yoast SEO plugin v19.4 - https:\/\/yoast.com\/wordpress\/plugins\/seo\/ -->\n<title>Illusion | Dom\u00f3tica, Iluminaci\u00f3n y Sistemas audiovisuales en Marbella<\/title>\n<meta name=\"description\" content=\"Illusion | Dom\u00f3tica, Iluminaci\u00f3n y Sistemas audiovisuales en Marbella. Proyectos con la tecnolog\u00eda del futuro en el presente.\" \/>\n<meta name=\"robots\" content=\"index, follow, max-snippet:-1, max-image-preview:large, max-video-preview:-1\" \/>\n<link rel=\"canonical\" href=\"https:\/\/e-illusion.es\/en\/\" \/>\n<meta property=\"og:locale\" content=\"en_US\" \/>\n<meta property=\"og:type\" content=\"article\" \/>\n<meta property=\"og:title\" content=\"Illusion | Dom\u00f3tica, Iluminaci\u00f3n y Sistemas audiovisuales en Marbella\" \/>\n<meta property=\"og:description\" content=\"Illusion | Dom\u00f3tica, Iluminaci\u00f3n y Sistemas audiovisuales en Marbella. Proyectos con la tecnolog\u00eda del futuro en el presente.\" \/>\n<meta property=\"og:url\" content=\"https:\/\/e-illusion.es\/en\/\" \/>\n<meta property=\"og:site_name\" content=\"Illusion\" \/>\n<meta property=\"article:publisher\" content=\"https:\/\/www.facebook.com\/illusionhomecinema\" \/>\n<meta property=\"article:modified_time\" content=\"2024-08-29T06:26:32+00:00\" \/>\n<meta property=\"og:image\" content=\"https:\/\/e-illusion.es\/wp-content\/uploads\/2021\/06\/illusion_rrss.png\" \/>\n\t<meta property=\"og:image:width\" content=\"400\" \/>\n\t<meta property=\"og:image:height\" content=\"400\" \/>\n\t<meta property=\"og:image:type\" content=\"image\/png\" \/>\n<meta name=\"twitter:card\" content=\"summary_large_image\" \/>\n<meta name=\"twitter:site\" content=\"@e_illusion\" \/>\n<script type=\"application\/ld+json\" class=\"yoast-schema-graph\">{\"@context\":\"https:\/\/schema.org\",\"@graph\":[{\"@type\":\"Organization\",\"@id\":\"https:\/\/e-illusion.es\/#organization\",\"name\":\"e-illusion\",\"url\":\"https:\/\/e-illusion.es\/\",\"sameAs\":[\"https:\/\/www.instagram.com\/illusion_marbella\/\",\"https:\/\/www.linkedin.com\/company\/illusion-custom-home-automation-solutions\",\"https:\/\/www.facebook.com\/illusionhomecinema\",\"https:\/\/twitter.com\/e_illusion\"],\"logo\":{\"@type\":\"ImageObject\",\"inLanguage\":\"en-US\",\"@id\":\"https:\/\/e-illusion.es\/#\/schema\/logo\/image\/\",\"url\":\"https:\/\/e-illusion.es\/wp-content\/uploads\/2021\/06\/illusion_rrss.png\",\"contentUrl\":\"https:\/\/e-illusion.es\/wp-content\/uploads\/2021\/06\/illusion_rrss.png\",\"width\":400,\"height\":400,\"caption\":\"e-illusion\"},\"image\":{\"@id\":\"https:\/\/e-illusion.es\/#\/schema\/logo\/image\/\"}},{\"@type\":\"WebSite\",\"@id\":\"https:\/\/e-illusion.es\/#website\",\"url\":\"https:\/\/e-illusion.es\/\",\"name\":\"Illusion\",\"description\":\"Custom Home Automation Solutions\",\"publisher\":{\"@id\":\"https:\/\/e-illusion.es\/#organization\"},\"potentialAction\":[{\"@type\":\"SearchAction\",\"target\":{\"@type\":\"EntryPoint\",\"urlTemplate\":\"https:\/\/e-illusion.es\/?s={search_term_string}\"},\"query-input\":\"required name=search_term_string\"}],\"inLanguage\":\"en-US\"},{\"@type\":\"WebPage\",\"@id\":\"https:\/\/e-illusion.es\/en\/\",\"url\":\"https:\/\/e-illusion.es\/en\/\",\"name\":\"Illusion | Dom\u00f3tica, Iluminaci\u00f3n y Sistemas audiovisuales en Marbella\",\"isPartOf\":{\"@id\":\"https:\/\/e-illusion.es\/#website\"},\"datePublished\":\"2021-02-08T07:36:44+00:00\",\"dateModified\":\"2024-08-29T06:26:32+00:00\",\"description\":\"Illusion | Dom\u00f3tica, Iluminaci\u00f3n y Sistemas audiovisuales en Marbella. Proyectos con la tecnolog\u00eda del futuro en el presente.\",\"breadcrumb\":{\"@id\":\"https:\/\/e-illusion.es\/en\/#breadcrumb\"},\"inLanguage\":\"en-US\",\"potentialAction\":[{\"@type\":\"ReadAction\",\"target\":[\"https:\/\/e-illusion.es\/en\/\"]}]},{\"@type\":\"BreadcrumbList\",\"@id\":\"https:\/\/e-illusion.es\/en\/#breadcrumb\",\"itemListElement\":[{\"@type\":\"ListItem\",\"position\":1,\"name\":\"Portada\",\"item\":\"https:\/\/e-illusion.es\/en\/\"},{\"@type\":\"ListItem\",\"position\":2,\"name\":\"Home\"}]}]}<\/script>\n<!-- \/ Yoast SEO plugin. -->","yoast_head_json":{"title":"Illusion | Dom\u00f3tica, Iluminaci\u00f3n y Sistemas audiovisuales en Marbella","description":"Illusion | Dom\u00f3tica, Iluminaci\u00f3n y Sistemas audiovisuales en Marbella. Proyectos con la tecnolog\u00eda del futuro en el presente.","robots":{"index":"index","follow":"follow","max-snippet":"max-snippet:-1","max-image-preview":"max-image-preview:large","max-video-preview":"max-video-preview:-1"},"canonical":"https:\/\/e-illusion.es\/en\/","og_locale":"en_US","og_type":"article","og_title":"Illusion | Dom\u00f3tica, Iluminaci\u00f3n y Sistemas audiovisuales en Marbella","og_description":"Illusion | Dom\u00f3tica, Iluminaci\u00f3n y Sistemas audiovisuales en Marbella. Proyectos con la tecnolog\u00eda del futuro en el presente.","og_url":"https:\/\/e-illusion.es\/en\/","og_site_name":"Illusion","article_publisher":"https:\/\/www.facebook.com\/illusionhomecinema","article_modified_time":"2024-08-29T06:26:32+00:00","og_image":[{"width":400,"height":400,"url":"https:\/\/e-illusion.es\/wp-content\/uploads\/2021\/06\/illusion_rrss.png","type":"image\/png"}],"twitter_card":"summary_large_image","twitter_site":"@e_illusion","schema":{"@context":"https:\/\/schema.org","@graph":[{"@type":"Organization","@id":"https:\/\/e-illusion.es\/#organization","name":"e-illusion","url":"https:\/\/e-illusion.es\/","sameAs":["https:\/\/www.instagram.com\/illusion_marbella\/","https:\/\/www.linkedin.com\/company\/illusion-custom-home-automation-solutions","https:\/\/www.facebook.com\/illusionhomecinema","https:\/\/twitter.com\/e_illusion"],"logo":{"@type":"ImageObject","inLanguage":"en-US","@id":"https:\/\/e-illusion.es\/#\/schema\/logo\/image\/","url":"https:\/\/e-illusion.es\/wp-content\/uploads\/2021\/06\/illusion_rrss.png","contentUrl":"https:\/\/e-illusion.es\/wp-content\/uploads\/2021\/06\/illusion_rrss.png","width":400,"height":400,"caption":"e-illusion"},"image":{"@id":"https:\/\/e-illusion.es\/#\/schema\/logo\/image\/"}},{"@type":"WebSite","@id":"https:\/\/e-illusion.es\/#website","url":"https:\/\/e-illusion.es\/","name":"Illusion","description":"Custom Home Automation Solutions","publisher":{"@id":"https:\/\/e-illusion.es\/#organization"},"potentialAction":[{"@type":"SearchAction","target":{"@type":"EntryPoint","urlTemplate":"https:\/\/e-illusion.es\/?s={search_term_string}"},"query-input":"required name=search_term_string"}],"inLanguage":"en-US"},{"@type":"WebPage","@id":"https:\/\/e-illusion.es\/en\/","url":"https:\/\/e-illusion.es\/en\/","name":"Illusion | Dom\u00f3tica, Iluminaci\u00f3n y Sistemas audiovisuales en Marbella","isPartOf":{"@id":"https:\/\/e-illusion.es\/#website"},"datePublished":"2021-02-08T07:36:44+00:00","dateModified":"2024-08-29T06:26:32+00:00","description":"Illusion | Dom\u00f3tica, Iluminaci\u00f3n y Sistemas audiovisuales en Marbella. Proyectos con la tecnolog\u00eda del futuro en el presente.","breadcrumb":{"@id":"https:\/\/e-illusion.es\/en\/#breadcrumb"},"inLanguage":"en-US","potentialAction":[{"@type":"ReadAction","target":["https:\/\/e-illusion.es\/en\/"]}]},{"@type":"BreadcrumbList","@id":"https:\/\/e-illusion.es\/en\/#breadcrumb","itemListElement":[{"@type":"ListItem","position":1,"name":"Portada","item":"https:\/\/e-illusion.es\/en\/"},{"@type":"ListItem","position":2,"name":"Home"}]}]}},"_links":{"self":[{"href":"https:\/\/e-illusion.es\/en\/wp-json\/wp\/v2\/pages\/24419"}],"collection":[{"href":"https:\/\/e-illusion.es\/en\/wp-json\/wp\/v2\/pages"}],"about":[{"href":"https:\/\/e-illusion.es\/en\/wp-json\/wp\/v2\/types\/page"}],"author":[{"embeddable":true,"href":"https:\/\/e-illusion.es\/en\/wp-json\/wp\/v2\/users\/2"}],"replies":[{"embeddable":true,"href":"https:\/\/e-illusion.es\/en\/wp-json\/wp\/v2\/comments?post=24419"}],"version-history":[{"count":11,"href":"https:\/\/e-illusion.es\/en\/wp-json\/wp\/v2\/pages\/24419\/revisions"}],"predecessor-version":[{"id":28166,"href":"https:\/\/e-illusion.es\/en\/wp-json\/wp\/v2\/pages\/24419\/revisions\/28166"}],"wp:attachment":[{"href":"https:\/\/e-illusion.es\/en\/wp-json\/wp\/v2\/media?parent=24419"}],"curies":[{"name":"wp","href":"https:\/\/api.w.org\/{rel}","templated":true}]}}