{"id":24427,"date":"2020-10-05T12:33:46","date_gmt":"2020-10-05T10:33:46","guid":{"rendered":"https:\/\/e-illusion.es\/services\/iluminacion\/"},"modified":"2021-04-12T12:58:55","modified_gmt":"2021-04-12T10:58:55","slug":"lighting","status":"publish","type":"page","link":"https:\/\/e-illusion.es\/en\/services\/lighting\/","title":{"rendered":"Lighting"},"content":{"rendered":"","protected":false},"excerpt":{"rendered":"","protected":false},"author":1,"featured_media":23043,"parent":24422,"menu_order":0,"comment_status":"closed","ping_status":"closed","template":"templates\/single-services.php","meta":[],"acf":[],"yoast_head":"<!-- This site is optimized with the Yoast SEO plugin v19.4 - https:\/\/yoast.com\/wordpress\/plugins\/seo\/ -->\n<title>Servicios de iluminaci\u00f3n de viviendas e iluminaci\u00f3n comercial<\/title>\n<meta name=\"description\" content=\"Servicios de iluminaci\u00f3n de viviendas, iluminaci\u00f3n comercial y automatizaci\u00f3n de la luz realizados por Illusion en Marbella.\" \/>\n<meta name=\"robots\" content=\"index, follow, max-snippet:-1, max-image-preview:large, max-video-preview:-1\" \/>\n<link rel=\"canonical\" href=\"https:\/\/e-illusion.es\/en\/services\/lighting\/\" \/>\n<meta property=\"og:locale\" content=\"en_US\" \/>\n<meta property=\"og:type\" content=\"article\" \/>\n<meta property=\"og:title\" content=\"Servicios de iluminaci\u00f3n de viviendas e iluminaci\u00f3n comercial\" \/>\n<meta property=\"og:description\" content=\"Servicios de iluminaci\u00f3n de viviendas, iluminaci\u00f3n comercial y automatizaci\u00f3n de la luz realizados por Illusion en Marbella.\" \/>\n<meta property=\"og:url\" content=\"https:\/\/e-illusion.es\/en\/services\/lighting\/\" \/>\n<meta property=\"og:site_name\" content=\"Illusion\" \/>\n<meta property=\"article:publisher\" content=\"https:\/\/www.facebook.com\/illusionhomecinema\" \/>\n<meta property=\"article:modified_time\" content=\"2021-04-12T10:58:55+00:00\" \/>\n<meta property=\"og:image\" content=\"https:\/\/e-illusion.es\/wp-content\/uploads\/2019\/09\/Villa-Marbesa-109-Illusion-01-scaled.jpg\" \/>\n\t<meta property=\"og:image:width\" content=\"2560\" \/>\n\t<meta property=\"og:image:height\" content=\"1407\" \/>\n\t<meta property=\"og:image:type\" content=\"image\/jpeg\" \/>\n<meta name=\"twitter:card\" content=\"summary_large_image\" \/>\n<meta name=\"twitter:site\" content=\"@e_illusion\" \/>\n<script type=\"application\/ld+json\" class=\"yoast-schema-graph\">{\"@context\":\"https:\/\/schema.org\",\"@graph\":[{\"@type\":\"Organization\",\"@id\":\"https:\/\/e-illusion.es\/#organization\",\"name\":\"e-illusion\",\"url\":\"https:\/\/e-illusion.es\/\",\"sameAs\":[\"https:\/\/www.instagram.com\/illusion_marbella\/\",\"https:\/\/www.linkedin.com\/company\/illusion-custom-home-automation-solutions\",\"https:\/\/www.facebook.com\/illusionhomecinema\",\"https:\/\/twitter.com\/e_illusion\"],\"logo\":{\"@type\":\"ImageObject\",\"inLanguage\":\"en-US\",\"@id\":\"https:\/\/e-illusion.es\/#\/schema\/logo\/image\/\",\"url\":\"https:\/\/e-illusion.es\/wp-content\/uploads\/2021\/06\/illusion_rrss.png\",\"contentUrl\":\"https:\/\/e-illusion.es\/wp-content\/uploads\/2021\/06\/illusion_rrss.png\",\"width\":400,\"height\":400,\"caption\":\"e-illusion\"},\"image\":{\"@id\":\"https:\/\/e-illusion.es\/#\/schema\/logo\/image\/\"}},{\"@type\":\"WebSite\",\"@id\":\"https:\/\/e-illusion.es\/#website\",\"url\":\"https:\/\/e-illusion.es\/\",\"name\":\"Illusion\",\"description\":\"Custom Home Automation Solutions\",\"publisher\":{\"@id\":\"https:\/\/e-illusion.es\/#organization\"},\"potentialAction\":[{\"@type\":\"SearchAction\",\"target\":{\"@type\":\"EntryPoint\",\"urlTemplate\":\"https:\/\/e-illusion.es\/?s={search_term_string}\"},\"query-input\":\"required name=search_term_string\"}],\"inLanguage\":\"en-US\"},{\"@type\":\"WebPage\",\"@id\":\"https:\/\/e-illusion.es\/en\/services\/lighting\/\",\"url\":\"https:\/\/e-illusion.es\/en\/services\/lighting\/\",\"name\":\"Servicios de iluminaci\u00f3n de viviendas e iluminaci\u00f3n comercial\",\"isPartOf\":{\"@id\":\"https:\/\/e-illusion.es\/#website\"},\"datePublished\":\"2020-10-05T10:33:46+00:00\",\"dateModified\":\"2021-04-12T10:58:55+00:00\",\"description\":\"Servicios de iluminaci\u00f3n de viviendas, iluminaci\u00f3n comercial y automatizaci\u00f3n de la luz realizados por Illusion en Marbella.\",\"breadcrumb\":{\"@id\":\"https:\/\/e-illusion.es\/en\/services\/lighting\/#breadcrumb\"},\"inLanguage\":\"en-US\",\"potentialAction\":[{\"@type\":\"ReadAction\",\"target\":[\"https:\/\/e-illusion.es\/en\/services\/lighting\/\"]}]},{\"@type\":\"BreadcrumbList\",\"@id\":\"https:\/\/e-illusion.es\/en\/services\/lighting\/#breadcrumb\",\"itemListElement\":[{\"@type\":\"ListItem\",\"position\":1,\"name\":\"Portada\",\"item\":\"https:\/\/e-illusion.es\/en\/\"},{\"@type\":\"ListItem\",\"position\":2,\"name\":\"Services\",\"item\":\"https:\/\/e-illusion.es\/en\/services\/\"},{\"@type\":\"ListItem\",\"position\":3,\"name\":\"Lighting\"}]}]}<\/script>\n<!-- \/ Yoast SEO plugin. -->","yoast_head_json":{"title":"Servicios de iluminaci\u00f3n de viviendas e iluminaci\u00f3n comercial","description":"Servicios de iluminaci\u00f3n de viviendas, iluminaci\u00f3n comercial y automatizaci\u00f3n de la luz realizados por Illusion en Marbella.","robots":{"index":"index","follow":"follow","max-snippet":"max-snippet:-1","max-image-preview":"max-image-preview:large","max-video-preview":"max-video-preview:-1"},"canonical":"https:\/\/e-illusion.es\/en\/services\/lighting\/","og_locale":"en_US","og_type":"article","og_title":"Servicios de iluminaci\u00f3n de viviendas e iluminaci\u00f3n comercial","og_description":"Servicios de iluminaci\u00f3n de viviendas, iluminaci\u00f3n comercial y automatizaci\u00f3n de la luz realizados por Illusion en Marbella.","og_url":"https:\/\/e-illusion.es\/en\/services\/lighting\/","og_site_name":"Illusion","article_publisher":"https:\/\/www.facebook.com\/illusionhomecinema","article_modified_time":"2021-04-12T10:58:55+00:00","og_image":[{"width":2560,"height":1407,"url":"https:\/\/e-illusion.es\/wp-content\/uploads\/2019\/09\/Villa-Marbesa-109-Illusion-01-scaled.jpg","type":"image\/jpeg"}],"twitter_card":"summary_large_image","twitter_site":"@e_illusion","schema":{"@context":"https:\/\/schema.org","@graph":[{"@type":"Organization","@id":"https:\/\/e-illusion.es\/#organization","name":"e-illusion","url":"https:\/\/e-illusion.es\/","sameAs":["https:\/\/www.instagram.com\/illusion_marbella\/","https:\/\/www.linkedin.com\/company\/illusion-custom-home-automation-solutions","https:\/\/www.facebook.com\/illusionhomecinema","https:\/\/twitter.com\/e_illusion"],"logo":{"@type":"ImageObject","inLanguage":"en-US","@id":"https:\/\/e-illusion.es\/#\/schema\/logo\/image\/","url":"https:\/\/e-illusion.es\/wp-content\/uploads\/2021\/06\/illusion_rrss.png","contentUrl":"https:\/\/e-illusion.es\/wp-content\/uploads\/2021\/06\/illusion_rrss.png","width":400,"height":400,"caption":"e-illusion"},"image":{"@id":"https:\/\/e-illusion.es\/#\/schema\/logo\/image\/"}},{"@type":"WebSite","@id":"https:\/\/e-illusion.es\/#website","url":"https:\/\/e-illusion.es\/","name":"Illusion","description":"Custom Home Automation Solutions","publisher":{"@id":"https:\/\/e-illusion.es\/#organization"},"potentialAction":[{"@type":"SearchAction","target":{"@type":"EntryPoint","urlTemplate":"https:\/\/e-illusion.es\/?s={search_term_string}"},"query-input":"required name=search_term_string"}],"inLanguage":"en-US"},{"@type":"WebPage","@id":"https:\/\/e-illusion.es\/en\/services\/lighting\/","url":"https:\/\/e-illusion.es\/en\/services\/lighting\/","name":"Servicios de iluminaci\u00f3n de viviendas e iluminaci\u00f3n comercial","isPartOf":{"@id":"https:\/\/e-illusion.es\/#website"},"datePublished":"2020-10-05T10:33:46+00:00","dateModified":"2021-04-12T10:58:55+00:00","description":"Servicios de iluminaci\u00f3n de viviendas, iluminaci\u00f3n comercial y automatizaci\u00f3n de la luz realizados por Illusion en Marbella.","breadcrumb":{"@id":"https:\/\/e-illusion.es\/en\/services\/lighting\/#breadcrumb"},"inLanguage":"en-US","potentialAction":[{"@type":"ReadAction","target":["https:\/\/e-illusion.es\/en\/services\/lighting\/"]}]},{"@type":"BreadcrumbList","@id":"https:\/\/e-illusion.es\/en\/services\/lighting\/#breadcrumb","itemListElement":[{"@type":"ListItem","position":1,"name":"Portada","item":"https:\/\/e-illusion.es\/en\/"},{"@type":"ListItem","position":2,"name":"Services","item":"https:\/\/e-illusion.es\/en\/services\/"},{"@type":"ListItem","position":3,"name":"Lighting"}]}]}},"_links":{"self":[{"href":"https:\/\/e-illusion.es\/en\/wp-json\/wp\/v2\/pages\/24427"}],"collection":[{"href":"https:\/\/e-illusion.es\/en\/wp-json\/wp\/v2\/pages"}],"about":[{"href":"https:\/\/e-illusion.es\/en\/wp-json\/wp\/v2\/types\/page"}],"author":[{"embeddable":true,"href":"https:\/\/e-illusion.es\/en\/wp-json\/wp\/v2\/users\/1"}],"replies":[{"embeddable":true,"href":"https:\/\/e-illusion.es\/en\/wp-json\/wp\/v2\/comments?post=24427"}],"version-history":[{"count":2,"href":"https:\/\/e-illusion.es\/en\/wp-json\/wp\/v2\/pages\/24427\/revisions"}],"predecessor-version":[{"id":24429,"href":"https:\/\/e-illusion.es\/en\/wp-json\/wp\/v2\/pages\/24427\/revisions\/24429"}],"up":[{"embeddable":true,"href":"https:\/\/e-illusion.es\/en\/wp-json\/wp\/v2\/pages\/24422"}],"wp:featuredmedia":[{"embeddable":true,"href":"https:\/\/e-illusion.es\/en\/wp-json\/wp\/v2\/media\/23043"}],"wp:attachment":[{"href":"https:\/\/e-illusion.es\/en\/wp-json\/wp\/v2\/media?parent=24427"}],"curies":[{"name":"wp","href":"https:\/\/api.w.org\/{rel}","templated":true}]}}