{"id":24440,"date":"2020-10-01T09:52:44","date_gmt":"2020-10-01T07:52:44","guid":{"rendered":"https:\/\/e-illusion.es\/politica-de-cookies\/"},"modified":"2023-11-15T14:45:22","modified_gmt":"2023-11-15T13:45:22","slug":"cookies-policy","status":"publish","type":"page","link":"https:\/\/e-illusion.es\/en\/cookies-policy\/","title":{"rendered":"Cookies Policy"},"content":{"rendered":"<div class=\"cookies-policies\">\n<h1 style=\"text-align: center;\">COOKIES POLICY<\/h1>\n<p><strong>\u00bfQu\u00e9 son las cookies?<\/strong><\/p>\n<p>Una cookie es un fichero que se descarga en su ordenador al acceder a determinadas p\u00e1ginas web. Las cookies permiten a una p\u00e1gina web, entre otras cosas, almacenar y recuperar informaci\u00f3n sobre h\u00e1bitos de navegaci\u00f3n de un usuario o de su equipo y, dependiendo de la informaci\u00f3n que contengan y de la forma que utilice su equipo, pueden utilizarse para reconocer al usuario an\u00f3nimo.<\/p>\n<p>Las Cookies se asocian \u00fanicamente a un Usuario an\u00f3nimo y su ordenador y no proporcionan referencias que permitan deducir datos personales del Usuario.<\/p>\n<p>En el caso de Usuarios registrados que se registren o que hayan iniciado sesi\u00f3n, podr\u00e1n beneficiarse de unos servicios m\u00e1s personalizados y orientados a su perfil, gracias a la combinaci\u00f3n de los datos almacenados en las cookies con los datos personales utilizados en el momento de su registro. Dichos Usuarios autorizan expresamente el uso de esta informaci\u00f3n con la finalidad indicada, sin perjuicio de su derecho a rechazar o deshabilitar el uso de cookies.<\/p>\n<p><strong>Tipolog\u00eda, finalidad y funcionamiento de las Cookies en General.<\/strong><\/p>\n<p><strong>1. Tipos de cookies seg\u00fan el plazo de tiempo que permanecen activadas.<\/strong><\/p>\n<p>Seg\u00fan el plazo de tiempo que permanecen activadas en el equipo terminal podemos<br \/>\ndistinguir:<\/p>\n<ul>\n<li><strong>Cookies de sesi\u00f3n:<\/strong> Son un tipo de cookies dise\u00f1adas para recabar y almacenar datos mientras el usuario accede a una p\u00e1gina web. Se suelen emplear para almacenar informaci\u00f3n que solo interesa conservar para la prestaci\u00f3n del servicio solicitado por el usuario en una sola ocasi\u00f3n (p.e. una lista de productos adquiridos).<\/li>\n<li><strong>Cookies persistentes:<\/strong> Son un tipo de cookies en el que los datos siguen almacenados en el terminal y pueden ser accedidos y tratados durante un periodo definido por el responsable de la cookie, y que puede ir de unos minutos a varios a\u00f1os.<\/li>\n<\/ul>\n<p><strong>2. Tipos de cookies seg\u00fan la entidad que las gestione.<\/strong><\/p>\n<p>Seg\u00fan quien sea la entidad que gestione el equipo o dominio desde donde se env\u00edan las<br \/>\ncookies y trate los datos que se obtengan, podemos distinguir:<\/p>\n<ul>\n<li><strong>Cookies propias:<\/strong> Son aqu\u00e9llas que se env\u00edan al equipo terminal del usuario desde un equipo o dominio gestionado por el propio editor y desde el que se presta el servicio solicitado por el usuario.<\/li>\n<li><strong>Cookies de tercero:<\/strong> Son aqu\u00e9llas que se env\u00edan al equipo terminal del usuario desde un equipo o dominio que no es gestionado por el editor, sino por otra entidad que trata los datos obtenidos trav\u00e9s de las cookies.<\/li>\n<\/ul>\n<p><strong>3. Tipos de cookies seg\u00fan su finalidad.<\/strong><\/p>\n<p>Seg\u00fan la finalidad para la que se traten los datos obtenidos a trav\u00e9s de las cookies,<br \/>\npodemos distinguir entre:<\/p>\n<ul>\n<li><strong>Cookies t\u00e9cnicas:<\/strong> Son aqu\u00e9llas que permiten al usuario la navegaci\u00f3n a trav\u00e9s de una p\u00e1gina web, plataforma o aplicaci\u00f3n y la utilizaci\u00f3n de las diferentes opciones o servicios que en ella existan como, por ejemplo, controlar el tr\u00e1fico y la comunicaci\u00f3n de datos, identificar la sesi\u00f3n, acceder a partes de acceso restringido, recordar los elementos que integran un pedido, realizar el proceso de compra de un pedido, realizar la solicitud de inscripci\u00f3n o participaci\u00f3n en un evento, utilizar elementos de seguridad durante la navegaci\u00f3n, almacenar contenidos para la difusi\u00f3n de videos o sonido o compartir contenidos a trav\u00e9s de redes sociales.<\/li>\n<li><strong>Cookies de personalizaci\u00f3n:<\/strong> Son aqu\u00e9llas que permiten al usuario acceder al servicio con algunas caracter\u00edsticas de car\u00e1cter general predefinidas en funci\u00f3n de una serie de criterios en el terminal del usuario como por ejemplo serian el idioma, el tipo de navegador a trav\u00e9s del cual accede al servicio, la configuraci\u00f3n regional desde donde accede al servicio, etc.<\/li>\n<li><strong>Cookies de an\u00e1lisis:<\/strong> Son aqu\u00e9llas que permiten al responsable de las mismas, el seguimiento y an\u00e1lisis del comportamiento de los usuarios de los sitios web a los que est\u00e1n vinculadas. La informaci\u00f3n recogida mediante este tipo de cookies se utiliza en la medici\u00f3n de la actividad de los sitios web, aplicaci\u00f3n o plataforma y para la elaboraci\u00f3n de perfiles de navegaci\u00f3n de los usuarios de dichos sitios, aplicaciones y plataformas, con el fin de introducir mejoras en funci\u00f3n del an\u00e1lisis de los datos de uso que hacen los usuarios del servicio.<\/li>\n<li><strong>Cookies publicitarias:<\/strong> Son aqu\u00e9llas que permiten la gesti\u00f3n, de la forma m\u00e1s eficaz posible, de los espacios publicitarios que, en su caso, el editor haya incluido en una p\u00e1gina web, aplicaci\u00f3n o plataforma desde la que presta el servicio solicitado en base a criterios como el contenido editado o la frecuencia en la que se muestran los anuncios.<\/li>\n<li><strong>Cookies de publicidad comportamental:<\/strong> Son aqu\u00e9llas que permiten la gesti\u00f3n, de la forma m\u00e1s eficaz posible, de los espacios publicitarios que, en su caso, el editor haya incluido en una p\u00e1gina web, aplicaci\u00f3n o plataforma desde la que presta el servicio solicitado. Estas cookies almacenan informaci\u00f3n del comportamiento de los usuarios obtenida a trav\u00e9s de la observaci\u00f3n continuada de sus h\u00e1bitos de navegaci\u00f3n, lo que permite desarrollar un perfil espec\u00edfico para mostrar publicidad en funci\u00f3n del mismo.<\/li>\n<\/ul>\n<p><strong>Consentimiento y Autorizaci\u00f3n para el uso de cookies<\/strong><\/p>\n<p>Al acceder a este sitio web por primera vez, ver\u00e1 un espacio o banner donde se le informa de la utilizaci\u00f3n de las cookies y donde puede consultar esta pol\u00edtica de cookies mediante un link. Si usted consiente la utilizaci\u00f3n de cookies, contin\u00faa navegando haciendo uso de la barra de desplazamiento o scroll o hace clic en alg\u00fan link (aceptar) seg\u00fan proceda, se entender\u00e1 que usted ha consentido nuestra pol\u00edtica de cookies y, por tanto, la aceptaci\u00f3n para la instalaci\u00f3n de las mismas en su equipo o dispositivo, excepto en la medida que haya modificado la configuraci\u00f3n de su navegador para rechazar la utilizaci\u00f3n de las mismas.<\/p>\n<p><strong>\u00bfQu\u00e9 tipos de cookies utiliza esta p\u00e1gina web en particular?<\/strong><\/p>\n<p>Definici\u00f3n, Identificaci\u00f3n y finalidad de las cookies de esta Web no exceptuadas por la<br \/>\nLSSI.<\/p>\n<p>Ser\u00edan:<\/p>\n<ul>\n<li><strong>Cookies de an\u00e1lisis:<\/strong> Son aqu\u00e9llas que bien tratadas por nosotros o por terceros, nos permiten cuantificar el n\u00famero de usuarios y as\u00ed realizar la medici\u00f3n y an\u00e1lisis estad\u00edstico de la utilizaci\u00f3n que hacen los usuarios del servicio ofertado. Para ello se analiza su navegaci\u00f3n en nuestra p\u00e1gina web con el fin de mejorar la oferta de productos o servicios que le ofrecemos.<\/li>\n<li><strong>Cookies publicitarias:<\/strong> Son aqu\u00e9llas que, bien tratadas por nosotros o por terceros, nos permiten gestionar de la forma m\u00e1s eficaz posible la oferta de los espacios publicitarios que hay en la p\u00e1gina web, adecuando el contenido del anuncio al contenido del servicio solicitado o al uso que realice de nuestra p\u00e1gina web. Para ello podemos analizar sus h\u00e1bitos de navegaci\u00f3n en Internet y podemos mostrarle publicidad relacionada con su perfil de navegaci\u00f3n.<\/li>\n<\/ul>\n<p><strong>Cuadro de identificaci\u00f3n de las cookies y finalidad.<\/strong><\/p>\n<p>Nombre del editor, nombre de la cookie, &#8220;tipo&#8221; y Prop\u00f3sito.<\/p>\n<table width=\"100%\">\n<tbody>\n<tr>\n<th>Cookie<\/th>\n<th>Tipo<\/th>\n<th>Nombre<\/th>\n<th>Proposito<\/th>\n<th>M\u00e1s informaci\u00f3n<\/th>\n<\/tr>\n<tr>\n<td>COOKIELAWINFOCONSENT<\/td>\n<td>PROPIA<\/td>\n<td>E-ILLUSION.ES<\/td>\n<td>COOKIES PERTENECIENTES AL PLUGIN DE COOKIES DE LA WEB.<\/td>\n<td><\/td>\n<\/tr>\n<tr>\n<td>__UTMA<\/td>\n<td>PROPIA<\/td>\n<td>E-ILLUSION.ES<\/td>\n<td>ESTA COOKIE SE UTILIZA PARA HACER RECUENTO DE CUANTAS VECES VISITA EL SITIO UN USUARIO. TAMBI\u00c9N REGISTRA CUANDO FUE LA PRIMERA Y LA \u00daLTIMA VEZ QUE VISIT\u00d3 LA WEB.<\/td>\n<td><a href=\"https:\/\/developers.google.com\/analytics\/devguides\/collection\/analyticsjs\/cookie-usage?hl=es\" target=\"_blank\" rel=\"noopener\">https:\/\/developers.google.com\/analytics\/devguides\/collection\/analyticsjs\/cookie-usage?hl=es<\/a><\/td>\n<\/tr>\n<tr>\n<td>__UTMB<\/td>\n<td>PROPIA<\/td>\n<td>E-ILLUSION.ES<\/td>\n<td>ESTA COOKIE SE USA PARA CONOCER EL TIEMPO DE NAVEGACI\u00d3N. REGISTRA LA HORA DE LLEGADA A LA P\u00c1GINA. CADUCA A LOS 30 MINUTOS DESDE EL \u00daLTIMO REGISTRO DE P\u00c1GINA VISTA.<\/td>\n<td><a href=\"https:\/\/developers.google.com\/analytics\/devguides\/collection\/analyticsjs\/cookie-usage?hl=es\" target=\"_blank\" rel=\"noopener\">https:\/\/developers.google.com\/analytics\/devguides\/collection\/analyticsjs\/cookie-usage?hl=es<\/a><\/td>\n<\/tr>\n<tr>\n<td>__UTMC<\/td>\n<td>PROPIA<\/td>\n<td>E-ILLUSION.ES<\/td>\n<td>ESTA COOKIE SE USA PARA CONOCER EL TIEMPO DE NAVEGACI\u00d3N. COMPRUEBA SI SE DEBE MANTENER LA SESI\u00d3N ABIERTA O SE DEBE CREAR UNA SESI\u00d3N NUEVA.<\/td>\n<td><a href=\"https:\/\/developers.google.com\/analytics\/devguides\/collection\/analyticsjs\/cookie-usage?hl=es\" target=\"_blank\" rel=\"noopener\">https:\/\/developers.google.com\/analytics\/devguides\/collection\/analyticsjs\/cookie-usage?hl=es<\/a><\/td>\n<\/tr>\n<tr>\n<td>__UTMT<\/td>\n<td>PROPIA<\/td>\n<td>E-ILLUSION.ES<\/td>\n<td>SE USA PARA LIMITAR EL PORCENTAJE DE SOLICITUDES.<\/td>\n<td><a href=\"https:\/\/developers.google.com\/analytics\/devguides\/collection\/analyticsjs\/cookie-usage?hl=es\" target=\"_blank\" rel=\"noopener\">https:\/\/developers.google.com\/analytics\/devguides\/collection\/analyticsjs\/cookie-usage?hl=es<\/a><\/td>\n<\/tr>\n<tr>\n<td>__UTMV<\/td>\n<td>PROPIA<\/td>\n<td>E-ILLUSION.ES<\/td>\n<td>SE USA PARA ALMACENAR DATOS DE VARIABLES PERSONALIZADAS DE VISITANTE. ESTA COOKIE SE CREA CUANDO UN PROGRAMADOR USA EL M\u00c9TODO _SETCUSTOMVAR CON UNA VARIABLE PERSONALIZADA DE VISITANTE. TAMBI\u00c9N SE USABA PARA EL M\u00c9TODO _SETVAR RETIRADO. LA COOKIE SE ACTUALIZA CADA VEZ QUE SE ENV\u00cdAN DATOS A GOOGLE ANALYTICS.<\/td>\n<td><a href=\"https:\/\/developers.google.com\/analytics\/devguides\/collection\/analyticsjs\/cookie-usage?hl=es\" target=\"_blank\" rel=\"noopener\">https:\/\/developers.google.com\/analytics\/devguides\/collection\/analyticsjs\/cookie-usage?hl=es<\/a><\/td>\n<\/tr>\n<tr>\n<td>__UTMZ<\/td>\n<td>PROPIA<\/td>\n<td>E-ILLUSION.ES<\/td>\n<td>ESTA COOKIE ALMACENA EL ORIGEN DEL VISITANTE, EL CAMINO QUE HA SEGUIDO PARA ACCEDER A LA WEB.<\/td>\n<td><a href=\"https:\/\/developers.google.com\/analytics\/devguides\/collection\/analyticsjs\/cookie-usage?hl=es\" target=\"_blank\" rel=\"noopener\">https:\/\/developers.google.com\/analytics\/devguides\/collection\/analyticsjs\/cookie-usage?hl=es<\/a><\/td>\n<\/tr>\n<tr>\n<td>_GA<\/td>\n<td>PROPIA<\/td>\n<td>E-ILLUSION.ES<\/td>\n<td>ALMACENA UN IDENTIFICADOR DE CLIENTE \u00daNICO Y SIRVE PARA EL CONTROL DE LAS VISITAS \u00daNICAS, DATOS DE USUARIOS, CAMPA\u00d1AS&#8230;<\/td>\n<td><\/td>\n<\/tr>\n<tr>\n<td>_GA_72LMQR21ST<\/td>\n<td>PROPIA<\/td>\n<td>E-ILLUSION.ES<\/td>\n<td>ALMACENA UN IDENTIFICADOR DE CLIENTE \u00daNICO Y SIRVE PARA EL CONTROL DE LAS VISITAS \u00daNICAS, DATOS DE USUARIOS, CAMPA\u00d1AS&#8230;<\/td>\n<td><\/td>\n<\/tr>\n<tr>\n<td>_GAT_GTAG_UA_<\/td>\n<td>PROPIA<\/td>\n<td>E-ILLUSION.ES<\/td>\n<td>INFORMES ESTADISTICOS SOBRE COMO LOS USUARIOS ENCUENTRAN LA PAGINA WEB Y COMO LA UTILIZAN: PAGINAS VISITADAS, TIEMPO DE ESTANCIA, TIPO DE NAVEGADOR&#8230;.<\/td>\n<td><\/td>\n<\/tr>\n<tr>\n<td>_GID<\/td>\n<td>PROPIA<\/td>\n<td>E-ILLUSION.ES<\/td>\n<td>REGISTRA UNA IDENTIFICACI\u00d3N \u00daNICA PARA UN VISITANTE DEL SITIO WEB, RASTREA C\u00d3MO EL VISITANTE USA EL SITIO WEB. LOS DATOS SE UTILIZAN PARA ESTAD\u00cdSTICAS.<\/td>\n<td><\/td>\n<\/tr>\n<tr>\n<td>COOKIELAWINFO-CHECKBOX-ANALYTICS<\/td>\n<td>PROPIA<\/td>\n<td>E-ILLUSION.ES<\/td>\n<td>COOKIES PERTENECIENTES AL PLUGIN DE COOKIES DE LA WEB.<\/td>\n<td><\/td>\n<\/tr>\n<tr>\n<td>COOKIELAWINFO-CHECKBOX-NECESSARY<\/td>\n<td>PROPIA<\/td>\n<td>E-ILLUSION.ES<\/td>\n<td>LA COOKIE ES ESTABLECIDA POR EL PLUGIN DE CONSENTIMIENTO DE COOKIES DE GDPR Y SE UTILIZA PARA ALMACENAR SI EL USUARIO HA CONSENTIDO O NO EL USO DE COOKIES. NO ALMACENA NING\u00daN DATO PERSONAL.<\/td>\n<td><\/td>\n<\/tr>\n<tr>\n<td>VIEWED_COOKIE_POLICY<\/td>\n<td>PROPIA<\/td>\n<td>E-ILLUSION.ES<\/td>\n<td>COOKIE QUE ALMACENA LA ACEPTACI\u00d3N DEL BANNER DE COOKIES.<\/td>\n<td><\/td>\n<\/tr>\n<tr>\n<td>1P_JAR<\/td>\n<td>TERCEROS<\/td>\n<td>GOOGLE<\/td>\n<td>GOOGLE UTILIZA ESTA COOKIE PARA PERSONALIZAR LOS ANUNCIOS QUE PUDIERAN APARECER (SI ES EL CASO) SEG\u00daN LOS INTERESES DEL USUARIO, BASADOS EN B\u00daSQUEDAS E INTERACCIONES RECIENTES.<\/td>\n<td><a href=\"https:\/\/policies.google.com\/technologies\/cookies?hl=es\" target=\"_blank\" rel=\"noopener\">https:\/\/policies.google.com\/technologies\/cookies?hl=es<\/a><\/td>\n<\/tr>\n<tr>\n<td>NID<\/td>\n<td>TERCEROS<\/td>\n<td>GOOGLE.COM<\/td>\n<td>ESTAS COOKIES SE UTILIZAN PARA RECOPILAR ESTAD\u00cdSTICAS DEL SITIO WEB Y RASTREAR LAS TASAS DE CONVERSI\u00d3N Y LA PERSONALIZACI\u00d3N DE ANUNCIOS DE GOOGLE.<\/td>\n<td><a href=\"https:\/\/developers.google.com\/analytics\/devguides\/collection\/analyticsjs\/cookie-usage\" target=\"_blank\" rel=\"noopener\">https:\/\/developers.google.com\/analytics\/devguides\/collection\/analyticsjs\/cookie-usage<\/a><\/td>\n<\/tr>\n<tr>\n<td>__SECURE-3PAPISID, __SECURE-3PSID, __SECURE-3PSIDCC<\/td>\n<td>TERCEROS<\/td>\n<td>GOOGLE<\/td>\n<td>COOKIES NECESARIAS PARA LA UTILIZACI\u00d3N DE LAS OPCIONES Y SERVICIOS DEL SITIO WEB<\/td>\n<td><\/td>\n<\/tr>\n<tr>\n<td>_GRECAPTCHA<\/td>\n<td>TERCEROS<\/td>\n<td>GOOGLE.COM<\/td>\n<td>UTILIZADA POR EL SERVICIO GOOGLE RECAPTCHA EN LOS FORMULARIOS PARA EVITAR SPAM.<\/td>\n<td><\/td>\n<\/tr>\n<tr>\n<td>IDE<\/td>\n<td>TERCEROS<\/td>\n<td>DOUBLECLICK<\/td>\n<td>UTILIZADO POR GOOGLE ADSENSE PARA REGISTRAR E INFORMAR LAS ACCIONES DEL USUARIO DEL SITIO WEB DESPU\u00c9S DE VER O HACER CLIC EN UNO DE LOS ANUNCIOS DEL ANUNCIANTE CON EL PROP\u00d3SITO DE MEDIR LA EFICACIA DE UN ANUNCIO Y PRESENTAR ANUNCIOS ORIENTADOS AL USUARIO.<\/td>\n<td><a href=\"https:\/\/support.google.com\/admanager\/answer\/2839090?hl=es\" target=\"_blank\" rel=\"noopener\">https:\/\/support.google.com\/admanager\/answer\/2839090?hl=es<\/a><\/td>\n<\/tr>\n<\/tbody>\n<\/table>\n<p>Nota: Las cookies de tipo \u201cPropias\u201d son utilizadas s\u00f3lo por el propietario de esta web y las cookies \u201cDe terceros\u201d son utilizadas, tambi\u00e9n, por el prestador del servicio que est\u00e1 detallado en el cuadro anterior.<\/p>\n<p><strong>Configuraci\u00f3n del navegador para la revocaci\u00f3n y retirada del consentimiento para el uso de las cookies.<\/strong><\/p>\n<p>ILLUSION INSTALACIONES SL recuerda a sus usuarios de la web que el uso de cookies podr\u00e1 estar sujeto a su aceptaci\u00f3n durante la instalaci\u00f3n o actualizaci\u00f3n del navegador utilizado por \u00e9stos. Esta aceptaci\u00f3n podr\u00e1 ser revocada mediante las opciones de configuraci\u00f3n de contenidos y privacidad disponibles en el mismo. ILLUSION INSTALACIONES SL recomienda a sus usuarios que consulten la ayuda de su navegador o acceda a las p\u00e1ginas web de ayuda de los principales navegadores:<\/p>\n<ul>\n<li>Firefox: <a href=\"https:\/\/support.mozilla.org\/es\/kb\/habilitar-y-deshabilitar-cookies-sitios-web-rastrear-preferencias\" target=\"_blank\" rel=\"noopener\">https:\/\/support.mozilla.org\/es\/kb\/habilitar-y-deshabilitar-cookies-sitios-web-rastrear-preferencias<\/a><\/li>\n<li>Chrome: <a href=\"https:\/\/support.google.com\/chrome\/answer\/95647?co=GENIE.Platform%3DDesktop&amp;hl=es-419\" target=\"_blank\" rel=\"noopener\">https:\/\/support.google.com\/chrome\/answer\/95647?co=GENIE.Platform%3DDesktop&amp;hl=es-419<\/a><\/li>\n<li>Explorer: <a href=\"https:\/\/support.microsoft.com\/es-es\/help\/17442\/windows-internet-explorer-delete-manage-cookies\" target=\"_blank\" rel=\"noopener\">https:\/\/support.microsoft.com\/es-es\/help\/17442\/windows-internet-explorer-delete-manage-cookies<\/a><\/li>\n<li>Safari: <a href=\"https:\/\/support.apple.com\/es-es\/guide\/safari\/sfri11471\/mac\" target=\"_blank\" rel=\"noopener\">https:\/\/support.apple.com\/es-es\/guide\/safari\/sfri11471\/mac<\/a><\/li>\n<li>Opera: <a href=\"https:\/\/help.opera.com\/en\/latest\/web-preferences\/\" target=\"_blank\" rel=\"noopener\">https:\/\/help.opera.com\/en\/latest\/web-preferences\/<\/a><\/li>\n<li>Otros navegadores: consulte la documentaci\u00f3n del navegador que tenga instalado.<\/li>\n<\/ul>\n<p>Si el usuario deseara m\u00e1s informaci\u00f3n sobre c\u00f3mo revocar el consentimiento prestado o sobre el procedimiento para deshabilitar las cookies, as\u00ed como realizar alguna pregunta sobre la Pol\u00edtica de Cookies de la web, se puede poner en contacto con ILLUSION INSTALACIONES SL a trav\u00e9s de la siguiente direcci\u00f3n INFO@E-ILLUSION.ES indicando en el asunto \u201cPol\u00edtica de Cookies\u201d.<\/p>\n<p><strong>Cambios en la pol\u00edtica de Privacidad \/ Cookies.<\/strong><\/p>\n<p>La web puede modificar esta Pol\u00edtica de Cookies en funci\u00f3n de exigencias legislativas, reglamentarias, o con la finalidad de adaptar dicha pol\u00edtica a las instrucciones dictadas por la Agencia Espa\u00f1ola de Protecci\u00f3n de Datos, por ello se aconseja a los Usuarios que la visiten peri\u00f3dicamente.<\/p>\n<p>Cuando se produzcan cambios significativos en esta Pol\u00edtica de Cookies, se comunicar\u00e1n a los Usuarios mediante la web <a href=\"https:\/\/e-illusion.es\/\">WWW.E-ILLUSION.ES<\/a>.<\/p>\n<\/div>\n","protected":false},"excerpt":{"rendered":"<p>COOKIES POLICY \u00bfQu\u00e9 son las cookies? Una cookie es un fichero que se descarga en su ordenador al acceder a determinadas p\u00e1ginas web. Las cookies permiten a una p\u00e1gina web, entre otras cosas, almacenar y recuperar informaci\u00f3n sobre h\u00e1bitos de navegaci\u00f3n de un usuario o de su equipo y, dependiendo de la informaci\u00f3n que contengan [&hellip;]<\/p>\n","protected":false},"author":1,"featured_media":0,"parent":0,"menu_order":0,"comment_status":"closed","ping_status":"closed","template":"templates\/cookies.php","meta":[],"acf":[],"yoast_head":"<!-- This site is optimized with the Yoast SEO plugin v19.4 - https:\/\/yoast.com\/wordpress\/plugins\/seo\/ -->\n<title>Cookies Policy - Illusion<\/title>\n<meta name=\"robots\" content=\"index, follow, max-snippet:-1, max-image-preview:large, max-video-preview:-1\" \/>\n<link rel=\"canonical\" href=\"https:\/\/e-illusion.es\/en\/cookies-policy\/\" \/>\n<meta property=\"og:locale\" content=\"en_US\" \/>\n<meta property=\"og:type\" content=\"article\" \/>\n<meta property=\"og:title\" content=\"Cookies Policy - Illusion\" \/>\n<meta property=\"og:description\" content=\"COOKIES POLICY \u00bfQu\u00e9 son las cookies? Una cookie es un fichero que se descarga en su ordenador al acceder a determinadas p\u00e1ginas web. Las cookies permiten a una p\u00e1gina web, entre otras cosas, almacenar y recuperar informaci\u00f3n sobre h\u00e1bitos de navegaci\u00f3n de un usuario o de su equipo y, dependiendo de la informaci\u00f3n que contengan [&hellip;]\" \/>\n<meta property=\"og:url\" content=\"https:\/\/e-illusion.es\/en\/cookies-policy\/\" \/>\n<meta property=\"og:site_name\" content=\"Illusion\" \/>\n<meta property=\"article:publisher\" content=\"https:\/\/www.facebook.com\/illusionhomecinema\" \/>\n<meta property=\"article:modified_time\" content=\"2023-11-15T13:45:22+00:00\" \/>\n<meta property=\"og:image\" content=\"https:\/\/e-illusion.es\/wp-content\/uploads\/2021\/06\/illusion_rrss.png\" \/>\n\t<meta property=\"og:image:width\" content=\"400\" \/>\n\t<meta property=\"og:image:height\" content=\"400\" \/>\n\t<meta property=\"og:image:type\" content=\"image\/png\" \/>\n<meta name=\"twitter:card\" content=\"summary_large_image\" \/>\n<meta name=\"twitter:site\" content=\"@e_illusion\" \/>\n<meta name=\"twitter:label1\" content=\"Est. reading time\" \/>\n\t<meta name=\"twitter:data1\" content=\"9 minutes\" \/>\n<script type=\"application\/ld+json\" class=\"yoast-schema-graph\">{\"@context\":\"https:\/\/schema.org\",\"@graph\":[{\"@type\":\"Organization\",\"@id\":\"https:\/\/e-illusion.es\/#organization\",\"name\":\"e-illusion\",\"url\":\"https:\/\/e-illusion.es\/\",\"sameAs\":[\"https:\/\/www.instagram.com\/illusion_marbella\/\",\"https:\/\/www.linkedin.com\/company\/illusion-custom-home-automation-solutions\",\"https:\/\/www.facebook.com\/illusionhomecinema\",\"https:\/\/twitter.com\/e_illusion\"],\"logo\":{\"@type\":\"ImageObject\",\"inLanguage\":\"en-US\",\"@id\":\"https:\/\/e-illusion.es\/#\/schema\/logo\/image\/\",\"url\":\"https:\/\/e-illusion.es\/wp-content\/uploads\/2021\/06\/illusion_rrss.png\",\"contentUrl\":\"https:\/\/e-illusion.es\/wp-content\/uploads\/2021\/06\/illusion_rrss.png\",\"width\":400,\"height\":400,\"caption\":\"e-illusion\"},\"image\":{\"@id\":\"https:\/\/e-illusion.es\/#\/schema\/logo\/image\/\"}},{\"@type\":\"WebSite\",\"@id\":\"https:\/\/e-illusion.es\/#website\",\"url\":\"https:\/\/e-illusion.es\/\",\"name\":\"Illusion\",\"description\":\"Custom Home Automation Solutions\",\"publisher\":{\"@id\":\"https:\/\/e-illusion.es\/#organization\"},\"potentialAction\":[{\"@type\":\"SearchAction\",\"target\":{\"@type\":\"EntryPoint\",\"urlTemplate\":\"https:\/\/e-illusion.es\/?s={search_term_string}\"},\"query-input\":\"required name=search_term_string\"}],\"inLanguage\":\"en-US\"},{\"@type\":\"WebPage\",\"@id\":\"https:\/\/e-illusion.es\/en\/cookies-policy\/\",\"url\":\"https:\/\/e-illusion.es\/en\/cookies-policy\/\",\"name\":\"Cookies Policy - Illusion\",\"isPartOf\":{\"@id\":\"https:\/\/e-illusion.es\/#website\"},\"datePublished\":\"2020-10-01T07:52:44+00:00\",\"dateModified\":\"2023-11-15T13:45:22+00:00\",\"breadcrumb\":{\"@id\":\"https:\/\/e-illusion.es\/en\/cookies-policy\/#breadcrumb\"},\"inLanguage\":\"en-US\",\"potentialAction\":[{\"@type\":\"ReadAction\",\"target\":[\"https:\/\/e-illusion.es\/en\/cookies-policy\/\"]}]},{\"@type\":\"BreadcrumbList\",\"@id\":\"https:\/\/e-illusion.es\/en\/cookies-policy\/#breadcrumb\",\"itemListElement\":[{\"@type\":\"ListItem\",\"position\":1,\"name\":\"Portada\",\"item\":\"https:\/\/e-illusion.es\/en\/\"},{\"@type\":\"ListItem\",\"position\":2,\"name\":\"Cookies Policy\"}]}]}<\/script>\n<!-- \/ Yoast SEO plugin. -->","yoast_head_json":{"title":"Cookies Policy - Illusion","robots":{"index":"index","follow":"follow","max-snippet":"max-snippet:-1","max-image-preview":"max-image-preview:large","max-video-preview":"max-video-preview:-1"},"canonical":"https:\/\/e-illusion.es\/en\/cookies-policy\/","og_locale":"en_US","og_type":"article","og_title":"Cookies Policy - Illusion","og_description":"COOKIES POLICY \u00bfQu\u00e9 son las cookies? Una cookie es un fichero que se descarga en su ordenador al acceder a determinadas p\u00e1ginas web. Las cookies permiten a una p\u00e1gina web, entre otras cosas, almacenar y recuperar informaci\u00f3n sobre h\u00e1bitos de navegaci\u00f3n de un usuario o de su equipo y, dependiendo de la informaci\u00f3n que contengan [&hellip;]","og_url":"https:\/\/e-illusion.es\/en\/cookies-policy\/","og_site_name":"Illusion","article_publisher":"https:\/\/www.facebook.com\/illusionhomecinema","article_modified_time":"2023-11-15T13:45:22+00:00","og_image":[{"width":400,"height":400,"url":"https:\/\/e-illusion.es\/wp-content\/uploads\/2021\/06\/illusion_rrss.png","type":"image\/png"}],"twitter_card":"summary_large_image","twitter_site":"@e_illusion","twitter_misc":{"Est. reading time":"9 minutes"},"schema":{"@context":"https:\/\/schema.org","@graph":[{"@type":"Organization","@id":"https:\/\/e-illusion.es\/#organization","name":"e-illusion","url":"https:\/\/e-illusion.es\/","sameAs":["https:\/\/www.instagram.com\/illusion_marbella\/","https:\/\/www.linkedin.com\/company\/illusion-custom-home-automation-solutions","https:\/\/www.facebook.com\/illusionhomecinema","https:\/\/twitter.com\/e_illusion"],"logo":{"@type":"ImageObject","inLanguage":"en-US","@id":"https:\/\/e-illusion.es\/#\/schema\/logo\/image\/","url":"https:\/\/e-illusion.es\/wp-content\/uploads\/2021\/06\/illusion_rrss.png","contentUrl":"https:\/\/e-illusion.es\/wp-content\/uploads\/2021\/06\/illusion_rrss.png","width":400,"height":400,"caption":"e-illusion"},"image":{"@id":"https:\/\/e-illusion.es\/#\/schema\/logo\/image\/"}},{"@type":"WebSite","@id":"https:\/\/e-illusion.es\/#website","url":"https:\/\/e-illusion.es\/","name":"Illusion","description":"Custom Home Automation Solutions","publisher":{"@id":"https:\/\/e-illusion.es\/#organization"},"potentialAction":[{"@type":"SearchAction","target":{"@type":"EntryPoint","urlTemplate":"https:\/\/e-illusion.es\/?s={search_term_string}"},"query-input":"required name=search_term_string"}],"inLanguage":"en-US"},{"@type":"WebPage","@id":"https:\/\/e-illusion.es\/en\/cookies-policy\/","url":"https:\/\/e-illusion.es\/en\/cookies-policy\/","name":"Cookies Policy - Illusion","isPartOf":{"@id":"https:\/\/e-illusion.es\/#website"},"datePublished":"2020-10-01T07:52:44+00:00","dateModified":"2023-11-15T13:45:22+00:00","breadcrumb":{"@id":"https:\/\/e-illusion.es\/en\/cookies-policy\/#breadcrumb"},"inLanguage":"en-US","potentialAction":[{"@type":"ReadAction","target":["https:\/\/e-illusion.es\/en\/cookies-policy\/"]}]},{"@type":"BreadcrumbList","@id":"https:\/\/e-illusion.es\/en\/cookies-policy\/#breadcrumb","itemListElement":[{"@type":"ListItem","position":1,"name":"Portada","item":"https:\/\/e-illusion.es\/en\/"},{"@type":"ListItem","position":2,"name":"Cookies Policy"}]}]}},"_links":{"self":[{"href":"https:\/\/e-illusion.es\/en\/wp-json\/wp\/v2\/pages\/24440"}],"collection":[{"href":"https:\/\/e-illusion.es\/en\/wp-json\/wp\/v2\/pages"}],"about":[{"href":"https:\/\/e-illusion.es\/en\/wp-json\/wp\/v2\/types\/page"}],"author":[{"embeddable":true,"href":"https:\/\/e-illusion.es\/en\/wp-json\/wp\/v2\/users\/1"}],"replies":[{"embeddable":true,"href":"https:\/\/e-illusion.es\/en\/wp-json\/wp\/v2\/comments?post=24440"}],"version-history":[{"count":3,"href":"https:\/\/e-illusion.es\/en\/wp-json\/wp\/v2\/pages\/24440\/revisions"}],"predecessor-version":[{"id":27254,"href":"https:\/\/e-illusion.es\/en\/wp-json\/wp\/v2\/pages\/24440\/revisions\/27254"}],"wp:attachment":[{"href":"https:\/\/e-illusion.es\/en\/wp-json\/wp\/v2\/media?parent=24440"}],"curies":[{"name":"wp","href":"https:\/\/api.w.org\/{rel}","templated":true}]}}